{"id":16635,"date":"2021-10-13T11:00:04","date_gmt":"2021-10-13T11:00:04","guid":{"rendered":"https:\/\/proskillssaudi.com\/?page_id=16635"},"modified":"2022-04-13T01:44:32","modified_gmt":"2022-04-13T01:44:32","slug":"istqb","status":"publish","type":"page","link":"https:\/\/proskillssaudi.com\/pt\/istqb\/","title":{"rendered":"ISTQB"},"content":{"rendered":"<div data-elementor-type=\"wp-page\" data-elementor-id=\"16635\" class=\"elementor elementor-16635\">\n\t\t\t\t\t\t\t\t\t<section class=\"elementor-section elementor-top-section elementor-element elementor-element-7b74022 elementor-section-boxed elementor-section-height-default elementor-section-height-default qodef-elementor-content-no\" data-id=\"7b74022\" data-element_type=\"section\">\n\t\t\t\t\t\t<div class=\"elementor-container elementor-column-gap-default\">\n\t\t\t\t\t<div class=\"elementor-column elementor-col-100 elementor-top-column elementor-element elementor-element-fcaad8f\" data-id=\"fcaad8f\" data-element_type=\"column\">\n\t\t\t<div class=\"elementor-widget-wrap elementor-element-populated\">\n\t\t\t\t\t\t\t\t<div class=\"elementor-element elementor-element-00b4548 elementor-widget elementor-widget-thorsten_core_portfolio_list\" data-id=\"00b4548\" data-element_type=\"widget\" data-widget_type=\"thorsten_core_portfolio_list.default\">\n\t\t\t\t<div class=\"elementor-widget-container\">\n\t\t\t<div class=\"qodef-shortcode qodef-m  qodef-portfolio-list qodef-item-layout--info-below qodef-custom-padding   qodef-pl-appear-animation--no qodef-grid qodef-layout--columns qodef-layout--no  qodef-gutter--normal qodef-col-num--3 qodef-item-layout--info-below qodef--no-bottom-space qodef-pagination--off qodef-responsive--predefined\" data-options=\"{&quot;plugin&quot;:&quot;thorsten_core&quot;,&quot;module&quot;:&quot;post-types\\\/portfolio\\\/shortcodes&quot;,&quot;shortcode&quot;:&quot;portfolio-list&quot;,&quot;post_type&quot;:&quot;portfolio-item&quot;,&quot;next_page&quot;:&quot;2&quot;,&quot;max_pages_num&quot;:4,&quot;behavior&quot;:&quot;columns&quot;,&quot;images_proportion&quot;:&quot;full&quot;,&quot;columns&quot;:&quot;3&quot;,&quot;columns_responsive&quot;:&quot;predefined&quot;,&quot;space&quot;:&quot;normal&quot;,&quot;orderby&quot;:&quot;date&quot;,&quot;order&quot;:&quot;DESC&quot;,&quot;additional_params&quot;:&quot;tax&quot;,&quot;tax&quot;:&quot;portfolio-category&quot;,&quot;tax_slug&quot;:&quot;istqb&quot;,&quot;layout&quot;:&quot;info-below&quot;,&quot;hover_animation_info-follow&quot;:&quot;follow&quot;,&quot;title_tag&quot;:&quot;h4&quot;,&quot;custom_padding&quot;:&quot;no&quot;,&quot;custom_behavior&quot;:&quot;no&quot;,&quot;show_info_below_on_masonry_list&quot;:&quot;no&quot;,&quot;light_skin&quot;:&quot;no&quot;,&quot;appear_animation&quot;:&quot;no&quot;,&quot;pagination_type&quot;:&quot;no-pagination&quot;,&quot;object_class_name&quot;:&quot;ThorstenCore_Portfolio_List_Shortcode&quot;,&quot;taxonomy_filter&quot;:&quot;portfolio-category&quot;,&quot;additional_query_args&quot;:{&quot;tax_query&quot;:[{&quot;taxonomy&quot;:&quot;portfolio-category&quot;,&quot;field&quot;:&quot;slug&quot;,&quot;terms&quot;:&quot;istqb&quot;}]},&quot;unique&quot;:7,&quot;space_value&quot;:15}\">\n\t\t<div class=\"qodef-grid-inner clear\">\n\t\t<article class=\"qodef-e qodef-grid-item qodef-item--full post-16124 portfolio-item type-portfolio-item status-publish hentry portfolio-category-istqb\">\n\t<div class=\"qodef-e-inner\" >\n\t\t<div class=\"qodef-e-image\">\n\t\t\t\t\t<\/div>\n\t\t<div class=\"qodef-e-content\" >\n\t\t\t\t<div class=\"qodef-e-info-category\">\n\t\t\t\t\t<a itemprop=\"url\" class=\"qodef-e-category\" href=\"https:\/\/proskillssaudi.com\/pt\/portfolio-category\/istqb\/\">\n\t\t\t\tISTQB\t\t\t<\/a>\n\t\t\t<\/div>\n\t\t\t<h4 itemprop=\"name\" class=\"qodef-e-title entry-title\" >\n\t<a itemprop=\"url\" class=\"qodef-e-title-link\" href=\"https:\/\/proskillssaudi.com\/pt\/portfolio-item\/istqb-software-testing-foundation\/\">\n\t\tFunda\u00e7\u00e3o de teste de software ISTQB\u00ae\t<\/a>\n<\/h4>\n\t\t<\/div>\n\t<\/div>\n<\/article>\n<article class=\"qodef-e qodef-grid-item qodef-item--full post-16121 portfolio-item type-portfolio-item status-publish hentry portfolio-category-istqb\">\n\t<div class=\"qodef-e-inner\" >\n\t\t<div class=\"qodef-e-image\">\n\t\t\t\t\t<\/div>\n\t\t<div class=\"qodef-e-content\" >\n\t\t\t\t<div class=\"qodef-e-info-category\">\n\t\t\t\t\t<a itemprop=\"url\" class=\"qodef-e-category\" href=\"https:\/\/proskillssaudi.com\/pt\/portfolio-category\/istqb\/\">\n\t\t\t\tISTQB\t\t\t<\/a>\n\t\t\t<\/div>\n\t\t\t<h4 itemprop=\"name\" class=\"qodef-e-title entry-title\" >\n\t<a itemprop=\"url\" class=\"qodef-e-title-link\" href=\"https:\/\/proskillssaudi.com\/pt\/portfolio-item\/istqb-advanced-level-technical-test-analyst\/\">\n\t\tAnalista de teste t\u00e9cnico de n\u00edvel avan\u00e7ado ISTQB\u00ae\t<\/a>\n<\/h4>\n\t\t<\/div>\n\t<\/div>\n<\/article>\n<article class=\"qodef-e qodef-grid-item qodef-item--full post-16122 portfolio-item type-portfolio-item status-publish hentry portfolio-category-istqb\">\n\t<div class=\"qodef-e-inner\" >\n\t\t<div class=\"qodef-e-image\">\n\t\t\t\t\t<\/div>\n\t\t<div class=\"qodef-e-content\" >\n\t\t\t\t<div class=\"qodef-e-info-category\">\n\t\t\t\t\t<a itemprop=\"url\" class=\"qodef-e-category\" href=\"https:\/\/proskillssaudi.com\/pt\/portfolio-category\/istqb\/\">\n\t\t\t\tISTQB\t\t\t<\/a>\n\t\t\t<\/div>\n\t\t\t<h4 itemprop=\"name\" class=\"qodef-e-title entry-title\" >\n\t<a itemprop=\"url\" class=\"qodef-e-title-link\" href=\"https:\/\/proskillssaudi.com\/pt\/portfolio-item\/istqb-advanced-level-test-analyst\/\">\n\t\tAnalista de teste de n\u00edvel avan\u00e7ado ISTQB\u00ae\t<\/a>\n<\/h4>\n\t\t<\/div>\n\t<\/div>\n<\/article>\n<article class=\"qodef-e qodef-grid-item qodef-item--full post-16123 portfolio-item type-portfolio-item status-publish hentry portfolio-category-istqb\">\n\t<div class=\"qodef-e-inner\" >\n\t\t<div class=\"qodef-e-image\">\n\t\t\t\t\t<\/div>\n\t\t<div class=\"qodef-e-content\" >\n\t\t\t\t<div class=\"qodef-e-info-category\">\n\t\t\t\t\t<a itemprop=\"url\" class=\"qodef-e-category\" href=\"https:\/\/proskillssaudi.com\/pt\/portfolio-category\/istqb\/\">\n\t\t\t\tISTQB\t\t\t<\/a>\n\t\t\t<\/div>\n\t\t\t<h4 itemprop=\"name\" class=\"qodef-e-title entry-title\" >\n\t<a itemprop=\"url\" class=\"qodef-e-title-link\" href=\"https:\/\/proskillssaudi.com\/pt\/portfolio-item\/istqb-foundation-extension-agile-tester\/\">\n\t\tISTQB\u00ae Foundation Extension Agile Tester\t<\/a>\n<\/h4>\n\t\t<\/div>\n\t<\/div>\n<\/article>\n<article class=\"qodef-e qodef-grid-item qodef-item--full post-16152 portfolio-item type-portfolio-item status-publish hentry portfolio-category-istqb\">\n\t<div class=\"qodef-e-inner\" >\n\t\t<div class=\"qodef-e-image\">\n\t\t\t\t\t<\/div>\n\t\t<div class=\"qodef-e-content\" >\n\t\t\t\t<div class=\"qodef-e-info-category\">\n\t\t\t\t\t<a itemprop=\"url\" class=\"qodef-e-category\" href=\"https:\/\/proskillssaudi.com\/pt\/portfolio-category\/istqb\/\">\n\t\t\t\tISTQB\t\t\t<\/a>\n\t\t\t<\/div>\n\t\t\t<h4 itemprop=\"name\" class=\"qodef-e-title entry-title\" >\n\t<a itemprop=\"url\" class=\"qodef-e-title-link\" href=\"https:\/\/proskillssaudi.com\/pt\/portfolio-item\/dasa-devops-fundamentals-2\/\">\n\t\tDASA DevOps Fundamentals\u2122 2\t<\/a>\n<\/h4>\n\t\t<\/div>\n\t<\/div>\n<\/article>\n<article class=\"qodef-e qodef-grid-item qodef-item--full post-16153 portfolio-item type-portfolio-item status-publish hentry portfolio-category-istqb\">\n\t<div class=\"qodef-e-inner\" >\n\t\t<div class=\"qodef-e-image\">\n\t\t\t\t\t<\/div>\n\t\t<div class=\"qodef-e-content\" >\n\t\t\t\t<div class=\"qodef-e-info-category\">\n\t\t\t\t\t<a itemprop=\"url\" class=\"qodef-e-category\" href=\"https:\/\/proskillssaudi.com\/pt\/portfolio-category\/istqb\/\">\n\t\t\t\tISTQB\t\t\t<\/a>\n\t\t\t<\/div>\n\t\t\t<h4 itemprop=\"name\" class=\"qodef-e-title entry-title\" >\n\t<a itemprop=\"url\" class=\"qodef-e-title-link\" href=\"https:\/\/proskillssaudi.com\/pt\/portfolio-item\/dasa-devops-product-owner\/\">\n\t\tPropriet\u00e1rio do Produto DASA DevOps\u2122\t<\/a>\n<\/h4>\n\t\t<\/div>\n\t<\/div>\n<\/article>\n<article class=\"qodef-e qodef-grid-item qodef-item--full post-16154 portfolio-item type-portfolio-item status-publish hentry portfolio-category-istqb\">\n\t<div class=\"qodef-e-inner\" >\n\t\t<div class=\"qodef-e-image\">\n\t\t\t\t\t<\/div>\n\t\t<div class=\"qodef-e-content\" >\n\t\t\t\t<div class=\"qodef-e-info-category\">\n\t\t\t\t\t<a itemprop=\"url\" class=\"qodef-e-category\" href=\"https:\/\/proskillssaudi.com\/pt\/portfolio-category\/istqb\/\">\n\t\t\t\tISTQB\t\t\t<\/a>\n\t\t\t<\/div>\n\t\t\t<h4 itemprop=\"name\" class=\"qodef-e-title entry-title\" >\n\t<a itemprop=\"url\" class=\"qodef-e-title-link\" href=\"https:\/\/proskillssaudi.com\/pt\/portfolio-item\/dasa-devops-professional-enable-and-scale\/\">\n\t\tDASA DevOps Professional Enable And Scale\u2122\t<\/a>\n<\/h4>\n\t\t<\/div>\n\t<\/div>\n<\/article>\n<article class=\"qodef-e qodef-grid-item qodef-item--full post-16155 portfolio-item type-portfolio-item status-publish hentry portfolio-category-istqb\">\n\t<div class=\"qodef-e-inner\" >\n\t\t<div class=\"qodef-e-image\">\n\t\t\t\t\t<\/div>\n\t\t<div class=\"qodef-e-content\" >\n\t\t\t\t<div class=\"qodef-e-info-category\">\n\t\t\t\t\t<a itemprop=\"url\" class=\"qodef-e-category\" href=\"https:\/\/proskillssaudi.com\/pt\/portfolio-category\/istqb\/\">\n\t\t\t\tISTQB\t\t\t<\/a>\n\t\t\t<\/div>\n\t\t\t<h4 itemprop=\"name\" class=\"qodef-e-title entry-title\" >\n\t<a itemprop=\"url\" class=\"qodef-e-title-link\" href=\"https:\/\/proskillssaudi.com\/pt\/portfolio-item\/problem-solving-for-devops-by-kepnerandfourie\/\">\n\t\tSolu\u00e7\u00e3o de problemas para DevOps por KEPNERandFOURIE\u00ae\t<\/a>\n<\/h4>\n\t\t<\/div>\n\t<\/div>\n<\/article>\n<article class=\"qodef-e qodef-grid-item qodef-item--full post-16156 portfolio-item type-portfolio-item status-publish hentry portfolio-category-istqb\">\n\t<div class=\"qodef-e-inner\" >\n\t\t<div class=\"qodef-e-image\">\n\t\t\t\t\t<\/div>\n\t\t<div class=\"qodef-e-content\" >\n\t\t\t\t<div class=\"qodef-e-info-category\">\n\t\t\t\t\t<a itemprop=\"url\" class=\"qodef-e-category\" href=\"https:\/\/proskillssaudi.com\/pt\/portfolio-category\/istqb\/\">\n\t\t\t\tISTQB\t\t\t<\/a>\n\t\t\t<\/div>\n\t\t\t<h4 itemprop=\"name\" class=\"qodef-e-title entry-title\" >\n\t<a itemprop=\"url\" class=\"qodef-e-title-link\" href=\"https:\/\/proskillssaudi.com\/pt\/portfolio-item\/problem-solving-for-itil-by-kepnerandfourie\/\">\n\t\tSolu\u00e7\u00e3o de problemas para ITIL\u00ae por KEPNERandFOURIE\u00ae\t<\/a>\n<\/h4>\n\t\t<\/div>\n\t<\/div>\n<\/article>\n<article class=\"qodef-e qodef-grid-item qodef-item--full post-16157 portfolio-item type-portfolio-item status-publish hentry portfolio-category-istqb\">\n\t<div class=\"qodef-e-inner\" >\n\t\t<div class=\"qodef-e-image\">\n\t\t\t\t\t<\/div>\n\t\t<div class=\"qodef-e-content\" >\n\t\t\t\t<div class=\"qodef-e-info-category\">\n\t\t\t\t\t<a itemprop=\"url\" class=\"qodef-e-category\" href=\"https:\/\/proskillssaudi.com\/pt\/portfolio-category\/istqb\/\">\n\t\t\t\tISTQB\t\t\t<\/a>\n\t\t\t<\/div>\n\t\t\t<h4 itemprop=\"name\" class=\"qodef-e-title entry-title\" >\n\t<a itemprop=\"url\" class=\"qodef-e-title-link\" href=\"https:\/\/proskillssaudi.com\/pt\/portfolio-item\/exin-itsm-foundation-based-on-iso-iec-20000\/\">\n\t\tFunda\u00e7\u00e3o EXIN ITSM baseada na ISO\/IEC 20000\t<\/a>\n<\/h4>\n\t\t<\/div>\n\t<\/div>\n<\/article>\n<article class=\"qodef-e qodef-grid-item qodef-item--full post-16158 portfolio-item type-portfolio-item status-publish hentry portfolio-category-istqb\">\n\t<div class=\"qodef-e-inner\" >\n\t\t<div class=\"qodef-e-image\">\n\t\t\t\t\t<\/div>\n\t\t<div class=\"qodef-e-content\" >\n\t\t\t\t<div class=\"qodef-e-info-category\">\n\t\t\t\t\t<a itemprop=\"url\" class=\"qodef-e-category\" href=\"https:\/\/proskillssaudi.com\/pt\/portfolio-category\/istqb\/\">\n\t\t\t\tISTQB\t\t\t<\/a>\n\t\t\t<\/div>\n\t\t\t<h4 itemprop=\"name\" class=\"qodef-e-title entry-title\" >\n\t<a itemprop=\"url\" class=\"qodef-e-title-link\" href=\"https:\/\/proskillssaudi.com\/pt\/portfolio-item\/itsm-awareness\/\">\n\t\tConscientiza\u00e7\u00e3o do ITSM\t<\/a>\n<\/h4>\n\t\t<\/div>\n\t<\/div>\n<\/article>\n<article class=\"qodef-e qodef-grid-item qodef-item--full post-16159 portfolio-item type-portfolio-item status-publish hentry portfolio-category-istqb\">\n\t<div class=\"qodef-e-inner\" >\n\t\t<div class=\"qodef-e-image\">\n\t\t\t\t\t<\/div>\n\t\t<div class=\"qodef-e-content\" >\n\t\t\t\t<div class=\"qodef-e-info-category\">\n\t\t\t\t\t<a itemprop=\"url\" class=\"qodef-e-category\" href=\"https:\/\/proskillssaudi.com\/pt\/portfolio-category\/istqb\/\">\n\t\t\t\tISTQB\t\t\t<\/a>\n\t\t\t<\/div>\n\t\t\t<h4 itemprop=\"name\" class=\"qodef-e-title entry-title\" >\n\t<a itemprop=\"url\" class=\"qodef-e-title-link\" href=\"https:\/\/proskillssaudi.com\/pt\/portfolio-item\/agileshift\/\">\n\t\t\u00c1gilSHIFT\t<\/a>\n<\/h4>\n\t\t<\/div>\n\t<\/div>\n<\/article>\n\t<\/div>\n\t<\/div>\n\t\t<\/div>\n\t\t\t\t<\/div>\n\t\t\t\t\t<\/div>\n\t\t<\/div>\n\t\t\t\t\t\t\t<\/div>\n\t\t<\/section>\n\t\t\t\t\t\t\t<\/div>","protected":false},"excerpt":{"rendered":"<p>ISTQB ISTQB\u00ae Software Testing Foundation ISTQB ISTQB\u00ae Advanced Level Technical Test Analyst ISTQB ISTQB\u00ae Advanced Level Test Analyst ISTQB ISTQB\u00ae Foundation Extension Agile Tester ISTQB DASA DevOps Product Owner\u2122 ISTQB DASA DevOps Professional Enable And Scale\u2122 ISTQB Problem-Solving For DevOps By KEPNERandFOURIE\u00ae ISTQB Problem-Solving For ITIL\u00ae By KEPNERandFOURIE\u00ae ISTQB EXIN ITSM Foundation Based On ISO\/IEC [&hellip;]<\/p>","protected":false},"author":1,"featured_media":0,"parent":0,"menu_order":0,"comment_status":"closed","ping_status":"closed","template":"","meta":{"footnotes":""},"_links":{"self":[{"href":"https:\/\/proskillssaudi.com\/pt\/wp-json\/wp\/v2\/pages\/16635"}],"collection":[{"href":"https:\/\/proskillssaudi.com\/pt\/wp-json\/wp\/v2\/pages"}],"about":[{"href":"https:\/\/proskillssaudi.com\/pt\/wp-json\/wp\/v2\/types\/page"}],"author":[{"embeddable":true,"href":"https:\/\/proskillssaudi.com\/pt\/wp-json\/wp\/v2\/users\/1"}],"replies":[{"embeddable":true,"href":"https:\/\/proskillssaudi.com\/pt\/wp-json\/wp\/v2\/comments?post=16635"}],"version-history":[{"count":6,"href":"https:\/\/proskillssaudi.com\/pt\/wp-json\/wp\/v2\/pages\/16635\/revisions"}],"predecessor-version":[{"id":16642,"href":"https:\/\/proskillssaudi.com\/pt\/wp-json\/wp\/v2\/pages\/16635\/revisions\/16642"}],"wp:attachment":[{"href":"https:\/\/proskillssaudi.com\/pt\/wp-json\/wp\/v2\/media?parent=16635"}],"curies":[{"name":"wp","href":"https:\/\/api.w.org\/{rel}","templated":true}]}}