{"id":16253,"date":"2021-10-07T11:43:33","date_gmt":"2021-10-07T11:43:33","guid":{"rendered":"https:\/\/proskillssaudi.com\/terms-conditions\/"},"modified":"2021-10-07T11:43:36","modified_gmt":"2021-10-07T11:43:36","slug":"terms-conditions","status":"publish","type":"page","link":"https:\/\/proskillssaudi.com\/fr\/terms-conditions\/","title":{"rendered":"Termes et conditions"},"content":{"rendered":"<!-- This legal document was generated by Complianz Terms &amp; Conditions https:\/\/wordpress.org\/plugins\/complianz-terms-conditions -->\n<div id=\"cmplz-document\" class=\"cmplz-document cmplz-terms-conditions\"><p><i>Les conditions g\u00e9n\u00e9rales ont \u00e9t\u00e9 mises \u00e0 jour pour la derni\u00e8re fois le octobre 7, 2021<\/i><\/p><h2>1. Introduction<\/h2><p>Les conditions g\u00e9n\u00e9rales pr\u00e9sentes s&#039;appliquent \u00e0 ce site web et aux transactions li\u00e9es \u00e0 nos produits et services. Vous pouvez \u00eatre li\u00e9 par des contrats suppl\u00e9mentaires en lien avec votre relation avec nous ou \u00e0 tout produit ou service que vous recevez de notre part. Si les dispositions de contrats suppl\u00e9mentaires sont en conflit avec les dispositions des conditions g\u00e9n\u00e9rales pr\u00e9sentes, les dispositions de ces contrats suppl\u00e9mentaires pr\u00e9vaudront.<\/p><h2>2. Obligatoire<\/h2><p>En vous inscrivant sur ce site, en y acc\u00e9dant ou en l&#039;utilisation de toute autre mani\u00e8re, vous utilisez les pr\u00e9sentes d&#039;\u00eatre li\u00e9es par les conditions g\u00e9n\u00e9rales \u00e9nonc\u00e9es ci-dessous. La simple utilisation de ce site web implique la connaissance et l&#039;acceptation des conditions g\u00e9n\u00e9rales pr\u00e9sentes. Dans certains cas particuliers, nous pouvons \u00e9galement vous demander de donner votre accord explicite.<\/p><h2>3. Communication \u00e9lectronique<\/h2><p>En utilisant ce site web ou en communiquant avec des moyens \u00e9lectroniques, vous nous et reconnaissez que nous pouvons communiquer avec vous par voie \u00e9lectronique sur notre site web ou en vous envoyant un e-mail, et vous recevez que tous les accords, notifications , publications et autres communications que nous vous \u00e9crivons par voie \u00e9lectronique r\u00e9pondent \u00e0 toute exigence l\u00e9gale, y compris mais sans s&#039;y limiter, l&#039;exigence que ces communications soient faites par.<\/p><h2>4. Propri\u00e9t\u00e9 intellectuelle<\/h2><p>Nous ou nos licences poss\u00e9dons et contr\u00f4lons tous les droits d&#039;auteur et autres droits de propri\u00e9t\u00e9 intellectuelle sur le site web et les donn\u00e9es, informations et autres ressources affich\u00e9es ou accessibles sur le site web.<\/p><p class=\"cmplz-subtitle\">4.1 Tous droits r\u00e9serv\u00e9s<\/p><p>\u00c0 moins qu&#039;un contenu sp\u00e9cifique n&#039;en d\u00e9cide autrement, aucune licence ni aucun autre droit ne vous est accord\u00e9 en vertu des droits d&#039;auteur, des marques, des brevets ou d&#039;autres droits de propri\u00e9t\u00e9 intellectuelle. Cela signifie que vous n&#039;utiliserez, copierez, reproduirez, ex\u00e9cuterez, afficherez, distribuerez, int\u00e9grerez dans un support \u00e9lectronique, modifierez, r\u00e9tro-ing\u00e9nierez, d\u00e9compilerez, transf\u00e9rerez, t\u00e9l\u00e9chargerez, transmettrez, mon\u00e9tiserez, vendrez, marchandiserez ou commercialiserez aucune des ressources de ce site web sous quelque forme que ce soit, sans notre autorisation \u00e9crite pr\u00e9alable, sauf et uniquement dans la mesure o\u00f9 il est stipul\u00e9 autrement dans les r\u00e8glements de droit imp\u00e9ratif (tels que le droit de citer).<\/p><h2>5. Lettre d&#039;informations<\/h2><p>Nonobstant ce qui pr\u00e9c\u00e8de, vous pouvez transmettre notre lettre d\u2019informations sous forme \u00e9lectronique \u00e0 d\u2019autres personnes qui pourraient \u00eatre int\u00e9ress\u00e9es par la visite de notre site web.<\/p><h2>6. Propri\u00e9t\u00e9 de tiers<\/h2><p>Notre site web peut inclure des hyperliens ou d&#039;autres r\u00e9f\u00e9rences aux sites web de tierces parties. Nous ne surveillons ni n&#039;examinons le contenu des sites web de tierces parties qui sont li\u00e9es \u00e0 ce site web. Les produits ou services offerts par d&#039;autres sites web sont soumis aux conditions g\u00e9n\u00e9rales applicables de ces tiers. Les avis exprim\u00e9s ou les \u00e9l\u00e9ments apparaissant sur ces sites ne sont pas n\u00e9cessairement partag\u00e9s ou approuv\u00e9s par nous.<\/p><p>Nous ne sommes pas responsables des pratiques de confidentialit\u00e9 ou du contenu de ces sites. Vous assumez tous les risques li\u00e9s \u00e0 l&#039;utilisation de ces sites web et de tout services de tiers. Nous n&#039;accepterons aucune responsabilit\u00e9 pour toute perte ou dommage, quelle qu&#039;en soit la cause, r\u00e9sultant de la divulgation de vos informations personnelles \u00e0 des tiers.<\/p><h2>7. Responsable d&#039;utilisation<\/h2><p>En visitant notre site web, vous de l&#039;utiliser uniquement aux fins pr\u00e9vues et autoris\u00e9es par les conditions g\u00e9n\u00e9rales suppl\u00e9mentaires, par tout contrat conclu avec nous, et par les lois et r\u00e8glements applicables, ainsi que par les en ligne et les directives industrielles g\u00e9n\u00e9ralement accept\u00e9es. Vous ne devez pas utiliser notre site web ou nos services pour utiliser, publier ou diffuser tout \u00e9l\u00e9ment qui consiste en (ou est li\u00e9 \u00e0) un logiciel malveillant ; utiliser les donn\u00e9es g\u00e9r\u00e9es sur notre site web pour toute activit\u00e9 de marketing direct, ou mener toute activit\u00e9 de collecte de donn\u00e9es syst\u00e9matiques ou automatis\u00e9e sur ou en relation avec notre site web.<\/p><p>Il est strictement interdit de s&#039;engager dans toute activit\u00e9 qui cause, ou pourrait causer, des dommages au site web ou qui interf\u00e8re avec la performance, la disponibilit\u00e9 ou l&#039;accessibilit\u00e9 du site web.<\/p><p>Pour exercer le droit de r\u00e9tractation, vous devez nous informer de votre d\u00e9cision de r\u00e9silier le pr\u00e9sent contrat par une d\u00e9claration sans \u00e9quivoque (par exemple, une lettre envoy\u00e9e par courrier, par t\u00e9l\u00e9copie ou par e-mail).&nbsp;Vous trouverez nos coordonn\u00e9es ci-dessous.&nbsp;Vous pouvez utiliser le mod\u00e8le de <a href=\"https:\/\/proskillssaudi.com\/wp-content\/uploads\/custom-withdrawal-form.pdf\">formulaire de r\u00e9tractation<\/a> ci-joint, mais ce n\u2019est pas obligatoire.<\/p><h2>8. Contenu publi\u00e9 par vous<\/h2><p>Nous fournissons divers outils de communication disponibles sur notre site web, tels que des commentaires de blog, des articles de blog, des forums, des tableaux de messages, des \u00e9valuations et des critiques, et divers services de m\u00e9dias sociaux. Il se peut que nous ne puissions pas filtrer ou surveiller tous les contenus que vous ou d&#039;autres personnes peuvent partager ou envoyer sur notre site Web ou par son interm\u00e9diaire. Toutefois, nous r\u00e9servons le droit d&#039;examiner le contenu et de surveiller toute utilisation et activit\u00e9 sur notre site Web, et de supprimer ou de rejeter tout contenu \u00e0 notre seule discr\u00e9tion. En publiant des informations ou en utilisant tout autre outil de communication disponible, tel que mentionn\u00e9, vous avez mentionn\u00e9 que votre contenu est conforme aux conditions g\u00e9n\u00e9rales et ne doit pas \u00eatre interdit ou illicite ni porter atteinte aux droits l\u00e9gaux de toute personne.<\/p><h2>9. Soumission d&#039;id\u00e9es<\/h2><p>N&#039;envoyez aucune id\u00e9e, invention, \u0153uvre d&#039;auteur ou autre information pouvant \u00eatre consid\u00e9r\u00e9e comme votre propre propri\u00e9t\u00e9 intellectuelle que vous souhaiteriez pr\u00e9senter, sauf si nous avons sign\u00e9 un accord concernant la propri\u00e9t\u00e9 intellectuelle ou un accord de non-divulgation. Si vous nous le divulguez en l&#039;absence d&#039;un tel accord \u00e9crit, vous nous accordez une licence mondiale, irr\u00e9vocable, non exclusive et libre de redevance pour utiliser, reproduire, stocker, adapter, publier, traduire et distribuer votre contenu sur tout support existant ou futur.<\/p><h2>10. Fin de l&#039;utilisation<\/h2><p>Nous pouvons, \u00e0 notre seule discr\u00e9tion, \u00e0 tout moment modifier ou interrompre l\u2019acc\u00e8s, temporairement ou de fa\u00e7on permanente, au site web ou \u00e0 tout service qui s\u2019y trouve.&nbsp;Vous acceptez que nous ne soyons pas responsables envers vous ou une tierce partie de toute modification, suspension ou interruption de votre acc\u00e8s ou utilisation du site web ou de tout contenu que vous avez pu partager sur le site web.&nbsp;Vous n\u2019aurez droit \u00e0 aucune compensation ou autre paiement, m\u00eame si certaines fonctionnalit\u00e9s, certains r\u00e9glages et\/ou tout contenu auquel vous avez contribu\u00e9 ou sur lequel vous vous \u00eates appuy\u00e9 sont d\u00e9finitivement perdus.&nbsp;Vous ne devez pas contourner ou d\u00e9tourner, ou tenter de contourner ou de d\u00e9tourner, les mesures de restriction d\u2019acc\u00e8s \u00e0 notre site web.<\/p><h2>11. Garanties et responsabilit\u00e9<\/h2><p>Rien dans cette section ne limitera ou n&#039;exclura une garantie implicite de la loi qu&#039;il serait ill\u00e9gal de limiter ou d&#039;exclure. Ce site web et tout son contenu sont fournis \u00ab en l&#039;\u00e9tat \u00bb et \u00ab selon disponibilit\u00e9 \u00bb et peuvent contenir des inexactitudes ou des erreurs typographiques. Nous d\u00e9clinons express\u00e9ment toute garantie de quelque nature que ce soit, expresse ou implicite, quant \u00e0 la disponibilit\u00e9, l&#039;exactitude ou l&#039;exhaustivit\u00e9 du contenu. Nous ne garantissons pas ceci :<\/p><p><ul>\n                    <li>que ce site web ou notre contenu r\u00e9pondront \u00e0 vos besoins\u00a0;<\/li>\n                    <li>ce site web sera disponible de mani\u00e8re ininterrompue, opportune, s\u00fbre ou sans erreur.<\/li>\n        <\/ul><\/p><p>Rien sur ce site web ne constitue ou n&#039;est cens\u00e9 constituer un conseil juridique, financier ou m\u00e9dical de quelque nature que ce soit. Si vous avez besoin de conseils, vous devriez consulter un professionnel appropri\u00e9.<\/p><p>Les dispositions suivantes de la pr\u00e9sente section s&#039;appliqueront dans la mesure maximale permise par le droit applicable et ne limiteront ni n&#039;excluront notre en ce qui concerne toute question pour laquelle il serait ill\u00e9gal ou illicite pour nous de limiter ou d&#039;exclure notre responsabilit\u00e9 responsabilit\u00e9. En aucun cas nous ne serons responsables des dommages directs ou indirects (y compris les dommages pour perte de profits ou de revenus, la perte ou la corruption de donn\u00e9es, de logiciels ou de bases de donn\u00e9es, ou la perte ou l&#039;endommagement de biens ou de donn\u00e9es) subis par vous ou par une tierce partie, r\u00e9sultant de votre acc\u00e8s \u00e0 notre site web ou de son utilisation.<\/p><p>Sauf dans la mesure o\u00f9 tout contrat suppl\u00e9mentaire stipule express\u00e9ment le contraire, notre responsabilit\u00e9 maximale envers vous pour tout dommage d\u00e9coulant de ou li\u00e9 au site web ou \u00e0 tout produit et service commercialis\u00e9 ou vendu par le biais du site web, quelle que soit la forme de l&#039;action en justice qui impose la responsabilit\u00e9 (qu&#039;elle soit contractuelle, d&#039;\u00e9quit\u00e9, de n\u00e9gligence, de conduite intentionnelle, d\u00e9lictuelle ou autre) sera limit\u00e9e au prix total que vous avez pay\u00e9 pour acheter ces produits ou services ou utiliser le site Web. Cette limite s&#039;appliquera globalement \u00e0 toutes vos r\u00e9clamations, actions et causes d&#039;action de toute nature et de tout type.<\/p><h2>12. Confidentialit\u00e9<\/h2><p>Pour acc\u00e9der \u00e0 notre site web et\/ou \u00e0 nos services, il peut vous \u00eatre demand\u00e9 de fournir certaines informations vous concernant dans le cadre de la proc\u00e9dure d&#039;inscription. Vous recevez que toutes les informations que vous fournissez soient toujours exactes, corrig\u00e9es et \u00e0 jour.<\/p><p>Nous avons \u00e9labor\u00e9 une politique pour r\u00e9pondre \u00e0 toutes vos pr\u00e9occupations en mati\u00e8re de protection de la vie priv\u00e9e. Pour plus d&#039;informations, veuillez consulter notre <a href=\"\">d\u00e9claration de confidentialit\u00e9<\/a> et notre <a href=\"https:\/\/proskillssaudi.com\/cookie-policy-eu\/\">politique de cookies<\/a>.<\/p><h2>13. Accessibilit\u00e9<\/h2><p>Nous nous engageons \u00e0 rendre le contenu que nous produisons accessible aux personnes handicap\u00e9es. Si vous souffrez d&#039;un handicap et ne pouvez acc\u00e9der \u00e0 aucune partie de notre site Web en raison de votre handicap, nous vous demandons de nous faire parvenir une notification comprenant une description d\u00e9taill\u00e9e du probl\u00e8me que vous avez rencontr\u00e9. Si le probl\u00e8me est facilement identifiable et peut \u00eatre r\u00e9solu conform\u00e9ment aux outils et techniques informatiques standard de l&#039;industrie, nous le r\u00e9soudrons rapidement.<\/p><h2>14. Restrictions \u00e0 l&#039;exportation \/ Conformit\u00e9 juridique<\/h2><p>L&#039;acc\u00e8s au site web \u00e0 partir de territoires ou de pays o\u00f9 le contenu ou l&#039;achat des produits ou services vendus sur le site web est ill\u00e9gal est interdit. Vous ne pouvez pas utiliser ce site web en violation des lois et r\u00e8glements d&#039;exportation de l&#039;\u00c9gypte.<\/p><h2>15. Affection<\/h2><p>Vous ne pouvez c\u00e9der, autoriser ou sous-traiter aucun de vos droits et\/ou obligations en vertu des conditions g\u00e9n\u00e9rales pr\u00e9sentes, en tout ou en partie, \u00e0 une tierce partie sans notre consentement \u00e9crit pr\u00e9alable. Toute cession pr\u00e9sum\u00e9e en violation de la pr\u00e9sente section sera nulle et non avenue.<\/p><h2>16. Violation des conditions g\u00e9n\u00e9rales<\/h2><p>Sans votre pr\u00e9judice de nos autres droits en vertu des conditions g\u00e9n\u00e9rales, si vous violez les conditions g\u00e9n\u00e9rales pr\u00e9sentes de mani\u00e8re que ce soit, nous pouvons prendre les mesures que nous jugeons aptes \u00e0 traiter la violation, y compris la suspension temporaire ou permanente de acc\u00e8s au site web, la prise de contact avec votre fournisseur d&#039;acc\u00e8s Internet pour lui demander de bloquer votre acc\u00e8s au site web, et\/ou engager une action en justice contre vous.<\/p><h2>17. Force majeure<\/h2><p>\u00c0 l&#039;exception des obligations de paiement en vertu des pr\u00e9sentes, aucun retard, manquement ou omission par l&#039;une des parties d&#039;ex\u00e9cution ou d&#039;observation l&#039;une de ses obligations en vertu des pr\u00e9sentes ne sera consid\u00e9r\u00e9e comme une violation des pr\u00e9sentes conditions g\u00e9n\u00e9rales si et aussi longtemps que ce retard, ce manquement ou cette omission r\u00e9sulte d&#039;une cause ind\u00e9pendante de la volont\u00e9 raisonnable de cette partie.<\/p><h2>18. Indemnisation<\/h2><p>Vous de nous indemniser, de nous d\u00e9fendre et de tenir \u00e0 l&#039;\u00e9cart de toutes les r\u00e9clamations, responsabilit\u00e9s, dommages, pertes et d\u00e9penses li\u00e9es \u00e0 votre violation des conditions g\u00e9n\u00e9rales et des lois applicables, y compris les droits de propri\u00e9t\u00e9 et intellectuelle les droits \u00e0 la vie priv\u00e9e. Vous nous rembourserez rapidement les dommages, pertes, co\u00fbts et d\u00e9penses li\u00e9s \u00e0 ces r\u00e9clamations ou en d\u00e9coulant.<\/p><h2>19. D\u00e9rogation<\/h2><p>Le fait de ne pas appliquer l&#039;une des dispositions pr\u00e9vues dans les conditions g\u00e9n\u00e9rales et dans tout accord, ou de ne pas exercer une option de r\u00e9siliation, ne doit pas \u00eatre interpr\u00e9t\u00e9 \u00e0 ces dispositions et n&#039;affecte pas la validit\u00e9 des pr\u00e9sentes conditions g\u00e9n\u00e9rales ou de tout accord ou de toute partie de celui-ci, ni le droit par la suite d&#039;appliquer chacune des dispositions.<\/p><h2>20. Langue<\/h2><p>Les pr\u00e9sentes conditions g\u00e9n\u00e9rales seront traduites exclusivement en Anglais.&nbsp;Toutes les notifications et la correspondance seront r\u00e9dig\u00e9s exclusivement dans cette langue.<\/p><h2>21. Accord int\u00e9gral<\/h2><p>Ces conditions g\u00e9n\u00e9rales, ainsi que nos <a href=\"\">d\u00e9claration de confidentialit\u00e9<\/a> et <a href=\"https:\/\/proskillssaudi.com\/cookie-policy-eu\/\">politique de cookies<\/a>, constituant l&#039;int\u00e9gralit\u00e9 de l&#039;accord entre vous et ProSkills IT &amp; Training Services concernant votre utilisation de ce site web.<\/p><h2>22. Mise \u00e0 jour des conditions g\u00e9n\u00e9rales<\/h2><p>Nous pouvons de temps en temps mettre \u00e0 jour ces conditions g\u00e9n\u00e9rales. Il est de votre devoir de v\u00e9rifier les conditions g\u00e9n\u00e9rales pr\u00e9sentes pour voir si elles ont \u00e9t\u00e9 modifi\u00e9es ou mises \u00e0 jour. La date indiqu\u00e9e au d\u00e9but des conditions g\u00e9n\u00e9rales est la date de r\u00e9vision la plus r\u00e9cente. Les modifications apport\u00e9es aux pr\u00e9sentes conditions g\u00e9n\u00e9rales entreront en vigueur d\u00e8s qu&#039;elles seront publi\u00e9es sur ce site web. Votre utilisation continue de ce site web apr\u00e8s la publication de modifications ou de mises \u00e0 jour sera consid\u00e9r\u00e9e comme une notification de votre acceptation de respecter et d&#039;\u00eatre li\u00e9 par ces conditions g\u00e9n\u00e9rales.<\/p><h2>23. Choix de la loi et de la juridiction<\/h2><p>Les conditions g\u00e9n\u00e9rales sont r\u00e9gies par les lois d&#039;\u00c9gypte. Tout litige relatif aux conditions g\u00e9n\u00e9rales sera soumis \u00e0 la juridiction des tribunaux d&#039;\u00c9gypte. Si une partie ou une disposition des conditions pr\u00e9sentes est jug\u00e9e par un tribunal ou une autre autorit\u00e9 comme \u00e9tant invalide et\/ou inapplicable en vertu du droit applicable, cette partie ou disposition sera modifi\u00e9e, autoris\u00e9e et\/ou appliqu\u00e9e dans la plus large mesure possible afin de donner effet \u00e0 l&#039;intention des conditions g\u00e9n\u00e9rales pr\u00e9sentes. Les autres dispositions ne seront pas affect\u00e9es.<\/p><h2>24. Informations de contact<\/h2><p>Ce site web est d\u00e9tenu et exploit\u00e9 par ProSkills IT &amp; Training Services.<\/p><p>Vous pouvez nous contacter au sujet des pr\u00e9sentes conditions g\u00e9n\u00e9rales en nous \u00e9crivant ou en nous envoyant un e-mail \u00e0 l&#039;adresse suivante\u00a0: <span class=\"cmplz-obfuscate\">moc&#046;&#x69;d&#x75;&#x61;s&#x73;&#x6c;li&#x6b;sorp&#x40;n&#x61;r&#x68;&#x61;Z&#046;&#x72;&#x65;&#115;s&#097;N<\/span><br>81 Abu Dawood Elzaheri St., NBE Building, Nasr City, Le Caire, \u00c9gypte. <\/p><h2>25. T\u00e9l\u00e9chargement<\/h2><p>Vous pouvez \u00e9galement <a href=\"https:\/\/proskillssaudi.com\/wp-content\/plugins\/complianz-terms-conditions\/download.php\">t\u00e9l\u00e9charger<\/a> nos conditions g\u00e9n\u00e9rales au format PDF.<\/p><\/div>","protected":false},"excerpt":{"rendered":"","protected":false},"author":1,"featured_media":0,"parent":0,"menu_order":0,"comment_status":"closed","ping_status":"closed","template":"","meta":{"footnotes":""},"_links":{"self":[{"href":"https:\/\/proskillssaudi.com\/fr\/wp-json\/wp\/v2\/pages\/16253"}],"collection":[{"href":"https:\/\/proskillssaudi.com\/fr\/wp-json\/wp\/v2\/pages"}],"about":[{"href":"https:\/\/proskillssaudi.com\/fr\/wp-json\/wp\/v2\/types\/page"}],"author":[{"embeddable":true,"href":"https:\/\/proskillssaudi.com\/fr\/wp-json\/wp\/v2\/users\/1"}],"replies":[{"embeddable":true,"href":"https:\/\/proskillssaudi.com\/fr\/wp-json\/wp\/v2\/comments?post=16253"}],"version-history":[{"count":1,"href":"https:\/\/proskillssaudi.com\/fr\/wp-json\/wp\/v2\/pages\/16253\/revisions"}],"predecessor-version":[{"id":16254,"href":"https:\/\/proskillssaudi.com\/fr\/wp-json\/wp\/v2\/pages\/16253\/revisions\/16254"}],"wp:attachment":[{"href":"https:\/\/proskillssaudi.com\/fr\/wp-json\/wp\/v2\/media?parent=16253"}],"curies":[{"name":"wp","href":"https:\/\/api.w.org\/{rel}","templated":true}]}}